{"id":87,"date":"2017-07-22T09:58:35","date_gmt":"2017-07-22T09:58:35","guid":{"rendered":"http:\/\/wusel.wh61.de\/?page_id=87"},"modified":"2017-07-27T20:12:11","modified_gmt":"2017-07-27T20:12:11","slug":"sonnenglas-mit-bullis-auf-ruegen-logo","status":"publish","type":"page","link":"https:\/\/wusel.wh61.de\/wordpress\/sonnenglas-mit-bullis-auf-ruegen-logo\/","title":{"rendered":"Sonnenglas mit Bullis auf R\u00fcgen-Logo"},"content":{"rendered":"<h2>Hallo,<\/h2>\n<p>sch\u00f6n, dass Du Dich f\u00fcr das <a href=\"https:\/\/sonnenglas.net\/de\" target=\"_blank\" rel=\"noopener\">Sonnenglas<sup>\u00ae<\/sup><\/a> mit dem &#8222;Bullis auf R\u00fcgen&#8220; Logo interessierst. Auf jedem Sonnenglas werden drei auf wetterfester transparenter Folie gedruckte Logos in liebevoller Handarbeit aufgebracht. Weiter unten findest Du die technischen Daten des Sonnenglases, wie sie vom Hersteller angegeben werden.<\/p>\n<p>F\u00fcr alle, die wissen wollen, was es mit den Sonnengl\u00e4sern auf sich hat, ist dieser Link hilfreich: <a href=\"https:\/\/www.prosieben.de\/tv\/galileo\/videos\/2017191-sonnenlicht-der-exportschlager-aus-suedafrika-clip\" target=\"_blank\" rel=\"noopener\">https:\/\/www.prosieben.de\/tv\/galileo\/videos\/2017191-sonnenlicht-der-exportschlager-aus-suedafrika-clip<\/a>. Der Film zeigt nicht nur wie das SONNENGLAS\u00ae hergestellt wird, sondern auch welche Bedeutung diese Solar-Laterne in Afrika hat und wie es das Leben der Menschen ver\u00e4ndert<\/p>\n<h2>Vorbestellung bis 10. August 2017<\/h2>\n<p><a href=\"http:\/\/wusel.wh61.de\/wordpress\/wp-content\/uploads\/2017\/07\/Sonnenglas_mit_Bullis_auf_Ruegen_\u00b4Logos.jpg\" target=\"_blank\" rel=\"noopener\"><img loading=\"lazy\" decoding=\"async\" class=\"alignleft size-medium wp-image-111\" src=\"http:\/\/wusel.wh61.de\/wordpress\/wp-content\/uploads\/2017\/07\/Sonnenglas_mit_Bullis_auf_Ruegen_\u00b4Logos-209x300.jpg\" alt=\"\" width=\"209\" height=\"300\" srcset=\"https:\/\/wusel.wh61.de\/wordpress\/wp-content\/uploads\/2017\/07\/Sonnenglas_mit_Bullis_auf_Ruegen_\u00b4Logos-209x300.jpg 209w, https:\/\/wusel.wh61.de\/wordpress\/wp-content\/uploads\/2017\/07\/Sonnenglas_mit_Bullis_auf_Ruegen_\u00b4Logos-768x1103.jpg 768w, https:\/\/wusel.wh61.de\/wordpress\/wp-content\/uploads\/2017\/07\/Sonnenglas_mit_Bullis_auf_Ruegen_\u00b4Logos-713x1024.jpg 713w, https:\/\/wusel.wh61.de\/wordpress\/wp-content\/uploads\/2017\/07\/Sonnenglas_mit_Bullis_auf_Ruegen_\u00b4Logos.jpg 1889w\" sizes=\"auto, (max-width: 209px) 100vw, 209px\" \/><\/a>Die Sonnengl\u00e4ser mit dem Logo &#8222;Bullis auf R\u00fcgen 2017&#8220; werden exklusiv auf dem Treffen <a href=\"http:\/\/bullisaufruegen.de\/\" target=\"_blank\" rel=\"noopener\">Bullis auf R\u00fcgen 2017<\/a> verkauft. <strong>Eine Vorbestellung ist nur bis Donnerstag, 10. August 2017 m\u00f6glich.<\/strong> Wenn Du ein Glas oder mehrere Gl\u00e4ser (max. drei pro Person) vorbestellen willst, schreibe mir (wusel [at] wh61.de) eine <a href=\"mailto:wusel@wh61.de?subject=Bestellung%20Sonnenglas%20Bullis-auf-Ruegen-2017&amp;body=Hiermit%20bestelle%20ich%20verbindlich%20ein%20Exemplar\/e%20des%20Sonnenglas%20Bullis-auf-Ruegen-2017%20zum%20Preis%20von%2027,00%20EUR%20inkl.%20MWSt.%20und%20Lieferung%20auf%20dem%20Treffen%202017.%20Mein%20Name%20oder%20das%20KFZ-Kennzeichen%20meines%20Bullis%20lautet:\">E-Mail<\/a> mit dem Betreff &#8222;Bestellung Sonnenglas Bullis auf R\u00fcgen&#8220; (beim Klick auf das Wort\u00a0 <a href=\"mailto:wusel@wh61.de?subject=Bestellung%20Sonnenglas%20Bullis-auf-Ruegen-2017&amp;body=Hiermit%20bestelle%20ich%20verbindlich%20ein%20Exemplar\/e%20des%20Sonnenglas%20Bullis-auf-Ruegen-2017%20zum%20Preis%20von%2027,00%20EUR%20inkl.%20MWSt.%20und%20Lieferung%20auf%20dem%20Treffen%202017.%20Mein%20Name%20oder%20das%20KFZ-Kennzeichen%20meines%20Bullis%20lautet:\">E-Mail<\/a>\u00a0 \u00f6ffet sich eine entsprechende E-Mail in Deinem Mailprogramm) . Bitte gib in der <a href=\"mailto:wusel@wh61.de?subject=Bestellung%20Sonnenglas%20Bullis-auf-Ruegen-2017&amp;body=Hiermit%20bestelle%20ich%20verbindlich%20ein%20Exemplar\/e%20des%20Sonnenglas%20Bullis-auf-Ruegen-2017%20zum%20Preis%20von%2027,00%20EUR%20inkl.%20MWSt.%20und%20Lieferung%20auf%20dem%20Treffen%202017.%20Mein%20Name%20oder%20das%20KFZ-Kennzeichen%20meines%20Bullis%20lautet:\">E-Mail<\/a> entweder Deinen Namen oder das KFZ-Kennzeichen Deines Bullis an, damit ich die Bestellung vor Ort zuordnen kann. Wenn Du mehr als ein Sonnenglas<sup>\u00ae<\/sup> bestellen m\u00f6chtest, gib dies bitte ebenfalls in der E&#8211;Mail an oder passe den vorgegebenen Text an.<\/p>\n<p>Damit die Bestellung f\u00fcr beide Seiten verbindlich ist, bitte ich Dich mir 5,&#8211; \u20ac als Anzahlung auf mein Konto<\/p>\n<p>Werner H\u00fclsmann \u2013 Postbank N\u00fcrnberg<br \/>\nIBAN: DE26760100850899882851 \u2013 BIC: PBNKDEFF<\/p>\n<p>Gib als Verwendungszweck dann bitte\u00a0 an:<\/p>\n<ul>\n<li>&#8222;Sonnenglass Bullis auf R\u00fcgen&#8220;<\/li>\n<li>Deinen Namen oder das KFZ-Kennzeichen Deines Bullis,<\/li>\n<\/ul>\n<p>damit ich die Anzahlung Deiner Bestellung zuordnen kann.<\/p>\n<h2>Auslieferung und Preis<\/h2>\n<p>Vor Ort auf dem Treffen <a href=\"http:\/\/bullisaufruegen.de\/\" target=\"_blank\" rel=\"noopener\">Bullis auf R\u00fcgen 2017<\/a>\u00a0 erh\u00e4lst Du dann das Sonnenglas<sup>\u00ae<\/sup> oder die Sonnengl\u00e4ser mit den &#8222;Bullis auf R\u00fcgen&#8220; Logos gegen Zahlung des Restbetrags und bekommst selbstverst\u00e4ndlich eine ordentliche Quittung \u00fcber den Gesamtbetrag. Meine Umsatzsteuer-ID lautet: DE186178676 (interessiert Dich vermutlich nicht, muss ich aber aus formalen Gr\u00fcnden angeben).<\/p>\n<p>Verbindlich vorbestellte Sonnengl\u00e4ser mit dem &#8222;Bullis auf R\u00fcgen&#8220; Logo kosten 27,&#8211; \u20ac pro St\u00fcck. Sollten mindestens 36 verbindliche Vorbestellungen eingehen, dann reduziert sich der Preis f\u00fcr die verbindlich vorbestellten Sonnengl\u00e4ser auf 26,&#8211; \u20ac pro St\u00fcck.<\/p>\n<p>Sollte ich noch Restexemplare der Sonnengl\u00e4sser mit dem &#8222;Bullis auf R\u00fcgen&#8220; Logo haben, k\u00f6nnen diese vor Ort f\u00fcr 28,&#8211; \u20ac pro St\u00fcck erworben werden.<\/p>\n<div id=\"attachment_115\" style=\"width: 650px\" class=\"wp-caption alignnone\"><img loading=\"lazy\" decoding=\"async\" aria-describedby=\"caption-attachment-115\" class=\"wp-image-115 size-large\" src=\"http:\/\/wusel.wh61.de\/wordpress\/wp-content\/uploads\/2017\/07\/Sonnenglaeser_mit_Bullis_auf_Ruegen_Logos-1-1024x656.jpg\" alt=\"Drei Sonnengl\u00e4ser\" width=\"640\" height=\"410\" srcset=\"https:\/\/wusel.wh61.de\/wordpress\/wp-content\/uploads\/2017\/07\/Sonnenglaeser_mit_Bullis_auf_Ruegen_Logos-1-1024x656.jpg 1024w, https:\/\/wusel.wh61.de\/wordpress\/wp-content\/uploads\/2017\/07\/Sonnenglaeser_mit_Bullis_auf_Ruegen_Logos-1-300x192.jpg 300w, https:\/\/wusel.wh61.de\/wordpress\/wp-content\/uploads\/2017\/07\/Sonnenglaeser_mit_Bullis_auf_Ruegen_Logos-1-768x492.jpg 768w\" sizes=\"auto, (max-width: 640px) 100vw, 640px\" \/><p id=\"caption-attachment-115\" class=\"wp-caption-text\">Link eingeschaltet, in der Mitte das Glas von oben, rechts ausgeschaltet, aufgenommen bei Tageslicht im Raum, so wird die starke Leuchtkraft der vier LEDs deutlich<\/p><\/div>\n<h2>Technische Daten<\/h2>\n<h3>Verwendung:<\/h3>\n<p>Im Innen- und Aussenbereich. Gummidichtung verhindert, dass Feuchtigkeit in das Glas eindringen kann. \u2013 Unter 0 Grad Celsius verliert der Akku einen Teil seiner Ladef\u00e4higkeit.<\/p>\n<h3>Gr\u00f6\u00dfe, Gewicht<\/h3>\n<p>H\u00f6he: ca. 18 cm. Durchmesser: ca. 11,5 cm. Inhalt: 1 Liter. Gewicht: ca. 700 g.<\/p>\n<h3>Bestandteile<\/h3>\n<p>1 Solarmodul (4,5 V, 135 mA). 1 Li-Ion Akku (3.7 V, 600 mAh). 4 LEDs. Ein-\/Aus-Magnetschalter. Edelstahlschraubring. Glasbeh\u00e4lter. Drahtgestell. Micro-USB Stecker zum Laden des Akkus. (Kabel nicht im Lieferumfang.)<\/p>\n<h3>Ausgangsleistung<\/h3>\n<p>120 mW. Lichtleistung: 19 lm. Farbtemperatur: 4000 Kelvin.<\/p>\n<h3>Aufladen<\/h3>\n<ul>\n<li>Sonnenglas ausschalten, nach M\u00f6glichkeit draussen in direktem Sonnenlicht laden.<\/li>\n<li>Sonnenglas schr\u00e4g stellen, damit die Sonne senkrecht auf das Solarmodul scheint.<\/li>\n<li>Alternativ \u00fcber Micro-USB Stecker (Kabel nicht im Lieferumfang). \u00dcberladen nicht m\u00f6glich.<\/li>\n<\/ul>\n<h3>Ladedauer f\u00fcr vollen Akku<\/h3>\n<p>In direktem Sonnenlicht: Sommer: 6 &#8211; 9 Stunden. Fr\u00fchling\/Herbst: 10 &#8211; 12 Stunden<br \/>\nWinter: mehrere Tage. Bei bew\u00f6lktem Himmel: plus ca. 2 Stunden. Micro-USB: 5 Std.<\/p>\n<h3>Betriebszeit<\/h3>\n<p>bis zu 12 Stunden bei voller Ladung.<\/p>\n<h3>Einschalten<\/h3>\n<p>Magnetschalter zum weissen Punkt auf dem Solarmodul kippen.<\/p>\n<h3>Akku-Management<\/h3>\n<p>Zum Schutz des Akkus schaltet sich das Sonnenglas automatisch aus, wenn die Akkuladung 15 % unterschreitet.<\/p>\n<h3>Solarmodul festschrauben<\/h3>\n<p>Solarmodul so auf das Glas legen, dass der wei\u00dfe Punkt zum kippbaren Magnetschalter<br \/>\nzeigt. Solarmodul auf das Glas dr\u00fccken und Schraubring festschrauben.<br \/>\nAlternativ: Drahtgestell mit Magnetschalter zum weissen Punkt drehen.<\/p>\n<h3>Lagerung<\/h3>\n<p>An einem trockenen Ort zwischen 5 und 30 \u00b0C. Vor l\u00e4ngerem Nichtgebrauch das Sonnenglas voll aufladen. Sonnenglas alle 3 Monate dem Sonnenlicht aussetzen.<\/p>\n<h3>Lebensdauer<\/h3>\n<p>Der Akku ist f\u00fcr mind. 800 volle Ladezyklen ausgelegt. Bei \u00fcblicher Nutzung ist seine<br \/>\nLebenserwartung ca. 5 Jahre. Garantie unabh\u00e4ngiges Akku-Austauschprogramm.<\/p>\n<h3>Herstellergarantie<\/h3>\n<p>1 Jahr Garantie ab Kaufdatum auf Austauschbasis (elektr. Bauteile). Es gelten die Garantiebedingungen des Herstellers. Garantie-Verl\u00e4ngerung auf 2 Jahre m\u00f6glich, <a href=\"https:\/\/sonnenglas.net\/de\/garantie\" target=\"_blank\" rel=\"noopener\">www.sonnenglas.net\/garantie<\/a>. Danach ist ein Akku-Austauschprogramm verf\u00fcgbar.<br \/>\n<strong>Hinweis:<\/strong> Die gesetzliche Gew\u00e4hrleistung bleibt hiervon unber\u00fchrt.<\/p>\n<h3>Herkunft<\/h3>\n<p>Entwickelt und hergestellt in S\u00fcdafrika.<\/p>\n","protected":false},"excerpt":{"rendered":"<p>Hallo, sch\u00f6n, dass Du Dich f\u00fcr das Sonnenglas\u00ae mit dem &#8222;Bullis auf R\u00fcgen&#8220; Logo interessierst. Auf jedem Sonnenglas werden drei auf wetterfester transparenter Folie gedruckte Logos in liebevoller Handarbeit aufgebracht. Weiter unten findest Du die technischen Daten des Sonnenglases, wie &hellip; <a href=\"https:\/\/wusel.wh61.de\/wordpress\/sonnenglas-mit-bullis-auf-ruegen-logo\/\">Weiterlesen <span class=\"meta-nav\">&rarr;<\/span><\/a><\/p>\n","protected":false},"author":1,"featured_media":0,"parent":0,"menu_order":99,"comment_status":"closed","ping_status":"closed","template":"","meta":{"footnotes":""},"class_list":["post-87","page","type-page","status-publish","hentry"],"_links":{"self":[{"href":"https:\/\/wusel.wh61.de\/wordpress\/wp-json\/wp\/v2\/pages\/87","targetHints":{"allow":["GET"]}}],"collection":[{"href":"https:\/\/wusel.wh61.de\/wordpress\/wp-json\/wp\/v2\/pages"}],"about":[{"href":"https:\/\/wusel.wh61.de\/wordpress\/wp-json\/wp\/v2\/types\/page"}],"author":[{"embeddable":true,"href":"https:\/\/wusel.wh61.de\/wordpress\/wp-json\/wp\/v2\/users\/1"}],"replies":[{"embeddable":true,"href":"https:\/\/wusel.wh61.de\/wordpress\/wp-json\/wp\/v2\/comments?post=87"}],"version-history":[{"count":17,"href":"https:\/\/wusel.wh61.de\/wordpress\/wp-json\/wp\/v2\/pages\/87\/revisions"}],"predecessor-version":[{"id":123,"href":"https:\/\/wusel.wh61.de\/wordpress\/wp-json\/wp\/v2\/pages\/87\/revisions\/123"}],"wp:attachment":[{"href":"https:\/\/wusel.wh61.de\/wordpress\/wp-json\/wp\/v2\/media?parent=87"}],"curies":[{"name":"wp","href":"https:\/\/api.w.org\/{rel}","templated":true}]}}