{"id":2,"date":"2015-08-13T12:26:51","date_gmt":"2015-08-13T12:26:51","guid":{"rendered":"http:\/\/wp424m.a10-52-158-154.qa.plesk.ru\/wordpress\/?page_id=2"},"modified":"2020-10-07T18:41:38","modified_gmt":"2020-10-07T18:41:38","slug":"kontakt-impressum","status":"publish","type":"page","link":"https:\/\/wusel.wh61.de\/wordpress\/kontakt-impressum\/","title":{"rendered":"Kontakt \/ Impressum"},"content":{"rendered":"<p>Dies ist ein\u00a0 pers\u00f6nlicher Blog von<\/p>\n<p style=\"text-align: center;\">Werner H\u00fclsmann<br \/>\nM\u00fcnchener Str. 101 \/ Geb. 1 &#8211; 85737 Ismaning<br \/>\nE-Mail: wusel [at] wh61 [punkt] de<br \/>\nTel. +49-157 \/ 34783123<\/p>\n<p style=\"text-align: left;\">HIermit widerspreche ich gem\u00e4\u00df Art. 21 Abs. 2 DSGVO der Nutzung obiger Daten f\u00fcr jegliche werbliche Zwecke!<\/p>\n<p style=\"text-align: left;\">Dieser Blog ist erreichbar unter <a href=\"http:\/\/wusel.wh61.de\">http:\/\/wusel.wh61.de<\/a> und unter <a href=\"http:\/\/wusel.live\">http:\/\/wusel.live<\/a><\/p>\n<p style=\"text-align: left;\"><strong>Headerfoto:<\/strong> Das Headerfoto auf der Startseite entstand auf R\u00fcgen anl\u00e4\u00dflich des Treffens Bullis auf R\u00fcgen 2015<\/p>\n","protected":false},"excerpt":{"rendered":"<p>Dies ist ein\u00a0 pers\u00f6nlicher Blog von Werner H\u00fclsmann M\u00fcnchener Str. 101 \/ Geb. 1 &#8211; 85737 Ismaning E-Mail: wusel [at] wh61 [punkt] de Tel. +49-157 \/ 34783123 HIermit widerspreche ich gem\u00e4\u00df Art. 21 Abs. 2 DSGVO der Nutzung obiger Daten &hellip; <a href=\"https:\/\/wusel.wh61.de\/wordpress\/kontakt-impressum\/\">Weiterlesen <span class=\"meta-nav\">&rarr;<\/span><\/a><\/p>\n","protected":false},"author":1,"featured_media":0,"parent":0,"menu_order":0,"comment_status":"open","ping_status":"closed","template":"","meta":{"footnotes":""},"class_list":["post-2","page","type-page","status-publish","hentry"],"_links":{"self":[{"href":"https:\/\/wusel.wh61.de\/wordpress\/wp-json\/wp\/v2\/pages\/2","targetHints":{"allow":["GET"]}}],"collection":[{"href":"https:\/\/wusel.wh61.de\/wordpress\/wp-json\/wp\/v2\/pages"}],"about":[{"href":"https:\/\/wusel.wh61.de\/wordpress\/wp-json\/wp\/v2\/types\/page"}],"author":[{"embeddable":true,"href":"https:\/\/wusel.wh61.de\/wordpress\/wp-json\/wp\/v2\/users\/1"}],"replies":[{"embeddable":true,"href":"https:\/\/wusel.wh61.de\/wordpress\/wp-json\/wp\/v2\/comments?post=2"}],"version-history":[{"count":6,"href":"https:\/\/wusel.wh61.de\/wordpress\/wp-json\/wp\/v2\/pages\/2\/revisions"}],"predecessor-version":[{"id":134,"href":"https:\/\/wusel.wh61.de\/wordpress\/wp-json\/wp\/v2\/pages\/2\/revisions\/134"}],"wp:attachment":[{"href":"https:\/\/wusel.wh61.de\/wordpress\/wp-json\/wp\/v2\/media?parent=2"}],"curies":[{"name":"wp","href":"https:\/\/api.w.org\/{rel}","templated":true}]}}